{"id":492,"date":"2021-12-29T17:31:03","date_gmt":"2021-12-29T20:31:03","guid":{"rendered":"https:\/\/loja.minirig.com.br\/?post_type=product&#038;p=492"},"modified":"2022-05-11T09:39:37","modified_gmt":"2022-05-11T12:39:37","slug":"frame-da-mini-rig-para-ate-8-gpu-sem-fan","status":"publish","type":"product","link":"https:\/\/loja.minirig.com.br\/?product=frame-da-mini-rig-para-ate-8-gpu-sem-fan","title":{"rendered":"Frame da Mini Rig &#8211; para at\u00e9 8 GPU sem Fan"},"content":{"rendered":"<p>Frame para Minera\u00e7\u00e3o de Criptomoedas &#8211; para at\u00e9 8 GPU (Placas de V\u00eddeo)<\/p>\n<p>Caracter\u00edsticas:<br \/>\n&#8211; Duplo apoio para as Risers<br \/>\n&#8211; Pintura eletrost\u00e1tica<br \/>\n&#8211; Chapa de 0,95mm<br \/>\n&#8211; N\u00e3o acompanha as fans<br \/>\n&#8211; Ajust\u00e1vel ao hardware<br \/>\n&#8211; Para at\u00e9 6 fans de 120mm<br \/>\n&#8211; Suporta at\u00e9 04 fontes<\/p>\n<p>Dimens\u00f5es do Frame:<br \/>\n&#8211; Comprimento: 795mm<br \/>\n&#8211; Profundidade: 380mm<br \/>\n&#8211; Altura: 370mm<\/p>\n<p>Dimens\u00f5es da Embalagem:<br \/>\n&#8211; Profundidade: 9 cm<br \/>\n&#8211; Largura: 100 cm<br \/>\n&#8211; Altura: 13 cm<br \/>\n&#8211; Peso: 6 Kg<\/p>\n<p>Conte\u00fado da Embalagem:<br \/>\n&#8211; Pe\u00e7as da estrutura<br \/>\n&#8211; Parafusos e porcas para montagem da estrutura<br \/>\n&#8211; Parafusos para fixa\u00e7\u00e3o da placa m\u00e3e<br \/>\n&#8211; Parafusos para fixa\u00e7\u00e3o de 8 placas de v\u00eddeo<\/p>\n<p>* Produto \u00e9 enviado desmontado.<\/p>\n","protected":false},"excerpt":{"rendered":"<p>Frame para Minera\u00e7\u00e3o de Criptomoedas &#8211; para at\u00e9 8 GPU (Placas de V\u00eddeo)<\/p>\n<p>Caracter\u00edsticas:<br \/>\n&#8211; Duplo apoio para as Risers<br \/>\n&#8211; Pintura eletrost\u00e1tica<br \/>\n&#8211; Chapa de 0,95mm<br \/>\n&#8211; N\u00e3o acompanha as fans<br \/>\n&#8211; Ajust\u00e1vel ao hardware<br \/>\n&#8211; Para at\u00e9 6 fans de 120mm<br \/>\n&#8211; Suporta at\u00e9 04 fontes<\/p>\n<p>Dimens\u00f5es do Frame:<br \/>\n&#8211; Comprimento: 795mm<br \/>\n&#8211; Profundidade: 380mm<br \/>\n&#8211; Altura: 370mm<\/p>\n<p>Dimens\u00f5es da Embalagem:<br \/>\n&#8211; Profundidade: 9 cm<br \/>\n&#8211; Largura: 100 cm<br \/>\n&#8211; Altura: 13 cm<br \/>\n&#8211; Peso: 6 Kg<\/p>\n<p>Conte\u00fado da Embalagem:<br \/>\n&#8211; Pe\u00e7as da estrutura<br \/>\n&#8211; Parafusos e porcas para montagem da estrutura<br \/>\n&#8211; Parafusos para fixa\u00e7\u00e3o da placa m\u00e3e<br \/>\n&#8211; Parafusos para fixa\u00e7\u00e3o de 8 placas de v\u00eddeo<\/p>\n<p>* Produto \u00e9 enviado desmontado.<\/p>\n","protected":false},"featured_media":495,"comment_status":"open","ping_status":"closed","template":"","meta":[],"product_brand":[],"product_cat":[22],"product_tag":[],"class_list":{"0":"post-492","1":"product","2":"type-product","3":"status-publish","4":"has-post-thumbnail","6":"product_cat-frame","8":"first","9":"outofstock","10":"purchasable","11":"product-type-simple"},"yoast_head":"<!-- This site is optimized with the Yoast SEO plugin v27.5 - https:\/\/yoast.com\/product\/yoast-seo-wordpress\/ -->\n<title>Frame da Mini Rig - para at\u00e9 8 GPU sem Fan - Loja - Mini Rig<\/title>\n<meta name=\"robots\" content=\"index, follow, max-snippet:-1, max-image-preview:large, max-video-preview:-1\" \/>\n<link rel=\"canonical\" href=\"https:\/\/loja.minirig.com.br\/?product=frame-da-mini-rig-para-ate-8-gpu-sem-fan\" \/>\n<meta property=\"og:locale\" content=\"pt_BR\" \/>\n<meta property=\"og:type\" content=\"article\" \/>\n<meta property=\"og:title\" content=\"Frame da Mini Rig - para at\u00e9 8 GPU sem Fan - Loja - Mini Rig\" \/>\n<meta property=\"og:description\" content=\"Frame para Minera\u00e7\u00e3o de Criptomoedas - para at\u00e9 8 GPU (Placas de V\u00eddeo)  Caracter\u00edsticas: - Duplo apoio para as Risers - Pintura eletrost\u00e1tica - Chapa de 0,95mm - N\u00e3o acompanha as fans - Ajust\u00e1vel ao hardware - Para at\u00e9 6 fans de 120mm - Suporta at\u00e9 04 fontes  Dimens\u00f5es do Frame: - Comprimento: 795mm - Profundidade: 380mm - Altura: 370mm  Dimens\u00f5es da Embalagem: - Profundidade: 9 cm - Largura: 100 cm - Altura: 13 cm - Peso: 6 Kg  Conte\u00fado da Embalagem: - Pe\u00e7as da estrutura - Parafusos e porcas para montagem da estrutura - Parafusos para fixa\u00e7\u00e3o da placa m\u00e3e - Parafusos para fixa\u00e7\u00e3o de 8 placas de v\u00eddeo  * Produto \u00e9 enviado desmontado.\" \/>\n<meta property=\"og:url\" content=\"https:\/\/loja.minirig.com.br\/?product=frame-da-mini-rig-para-ate-8-gpu-sem-fan\" \/>\n<meta property=\"og:site_name\" content=\"Loja - Mini Rig\" \/>\n<meta property=\"article:modified_time\" content=\"2022-05-11T12:39:37+00:00\" \/>\n<meta property=\"og:image\" content=\"https:\/\/loja.minirig.com.br\/wp-content\/uploads\/2021\/12\/frame01.jpg\" \/>\n\t<meta property=\"og:image:width\" content=\"800\" \/>\n\t<meta property=\"og:image:height\" content=\"800\" \/>\n\t<meta property=\"og:image:type\" content=\"image\/jpeg\" \/>\n<meta name=\"twitter:card\" content=\"summary_large_image\" \/>\n<meta name=\"twitter:label1\" content=\"Est. tempo de leitura\" \/>\n\t<meta name=\"twitter:data1\" content=\"1 minuto\" \/>\n<script type=\"application\/ld+json\" class=\"yoast-schema-graph\">{\"@context\":\"https:\\\/\\\/schema.org\",\"@graph\":[{\"@type\":\"WebPage\",\"@id\":\"https:\\\/\\\/loja.minirig.com.br\\\/?product=frame-da-mini-rig-para-ate-8-gpu-sem-fan\",\"url\":\"https:\\\/\\\/loja.minirig.com.br\\\/?product=frame-da-mini-rig-para-ate-8-gpu-sem-fan\",\"name\":\"Frame da Mini Rig - para at\u00e9 8 GPU sem Fan - Loja - Mini Rig\",\"isPartOf\":{\"@id\":\"https:\\\/\\\/loja.minirig.com.br\\\/#website\"},\"primaryImageOfPage\":{\"@id\":\"https:\\\/\\\/loja.minirig.com.br\\\/?product=frame-da-mini-rig-para-ate-8-gpu-sem-fan#primaryimage\"},\"image\":{\"@id\":\"https:\\\/\\\/loja.minirig.com.br\\\/?product=frame-da-mini-rig-para-ate-8-gpu-sem-fan#primaryimage\"},\"thumbnailUrl\":\"https:\\\/\\\/loja.minirig.com.br\\\/wp-content\\\/uploads\\\/2021\\\/12\\\/frame01.jpg\",\"datePublished\":\"2021-12-29T20:31:03+00:00\",\"dateModified\":\"2022-05-11T12:39:37+00:00\",\"breadcrumb\":{\"@id\":\"https:\\\/\\\/loja.minirig.com.br\\\/?product=frame-da-mini-rig-para-ate-8-gpu-sem-fan#breadcrumb\"},\"inLanguage\":\"pt-BR\",\"potentialAction\":[{\"@type\":\"ReadAction\",\"target\":[\"https:\\\/\\\/loja.minirig.com.br\\\/?product=frame-da-mini-rig-para-ate-8-gpu-sem-fan\"]}]},{\"@type\":\"ImageObject\",\"inLanguage\":\"pt-BR\",\"@id\":\"https:\\\/\\\/loja.minirig.com.br\\\/?product=frame-da-mini-rig-para-ate-8-gpu-sem-fan#primaryimage\",\"url\":\"https:\\\/\\\/loja.minirig.com.br\\\/wp-content\\\/uploads\\\/2021\\\/12\\\/frame01.jpg\",\"contentUrl\":\"https:\\\/\\\/loja.minirig.com.br\\\/wp-content\\\/uploads\\\/2021\\\/12\\\/frame01.jpg\",\"width\":800,\"height\":800},{\"@type\":\"BreadcrumbList\",\"@id\":\"https:\\\/\\\/loja.minirig.com.br\\\/?product=frame-da-mini-rig-para-ate-8-gpu-sem-fan#breadcrumb\",\"itemListElement\":[{\"@type\":\"ListItem\",\"position\":1,\"name\":\"In\u00edcio\",\"item\":\"https:\\\/\\\/loja.minirig.com.br\\\/\"},{\"@type\":\"ListItem\",\"position\":2,\"name\":\"Bem vindo ao mundo da Minera\u00e7\u00e3o de Criptomoedas !\",\"item\":\"https:\\\/\\\/loja.minirig.com.br\\\/?page_id=17\"},{\"@type\":\"ListItem\",\"position\":3,\"name\":\"Frame da Mini Rig &#8211; para at\u00e9 8 GPU sem Fan\"}]},{\"@type\":\"WebSite\",\"@id\":\"https:\\\/\\\/loja.minirig.com.br\\\/#website\",\"url\":\"https:\\\/\\\/loja.minirig.com.br\\\/\",\"name\":\"Loja - Mini Rig\",\"description\":\"Minera\u00e7\u00e3o de Criptomoedas\",\"publisher\":{\"@id\":\"https:\\\/\\\/loja.minirig.com.br\\\/#organization\"},\"potentialAction\":[{\"@type\":\"SearchAction\",\"target\":{\"@type\":\"EntryPoint\",\"urlTemplate\":\"https:\\\/\\\/loja.minirig.com.br\\\/?s={search_term_string}\"},\"query-input\":{\"@type\":\"PropertyValueSpecification\",\"valueRequired\":true,\"valueName\":\"search_term_string\"}}],\"inLanguage\":\"pt-BR\"},{\"@type\":\"Organization\",\"@id\":\"https:\\\/\\\/loja.minirig.com.br\\\/#organization\",\"name\":\"Loja - Mini Rig\",\"url\":\"https:\\\/\\\/loja.minirig.com.br\\\/\",\"logo\":{\"@type\":\"ImageObject\",\"inLanguage\":\"pt-BR\",\"@id\":\"https:\\\/\\\/loja.minirig.com.br\\\/#\\\/schema\\\/logo\\\/image\\\/\",\"url\":\"https:\\\/\\\/loja.minirig.com.br\\\/wp-content\\\/uploads\\\/2021\\\/12\\\/banner-principal-scaled.jpg\",\"contentUrl\":\"https:\\\/\\\/loja.minirig.com.br\\\/wp-content\\\/uploads\\\/2021\\\/12\\\/banner-principal-scaled.jpg\",\"width\":2560,\"height\":983,\"caption\":\"Loja - Mini Rig\"},\"image\":{\"@id\":\"https:\\\/\\\/loja.minirig.com.br\\\/#\\\/schema\\\/logo\\\/image\\\/\"},\"sameAs\":[\"https:\\\/\\\/www.instagram.com.br\\\/minirig_criptos\",\"https:\\\/\\\/www.youtube.com\\\/channel\\\/UCVaez8vzYEv672mjm2HOWCw\"]}]}<\/script>\n<!-- \/ Yoast SEO plugin. -->","yoast_head_json":{"title":"Frame da Mini Rig - para at\u00e9 8 GPU sem Fan - Loja - Mini Rig","robots":{"index":"index","follow":"follow","max-snippet":"max-snippet:-1","max-image-preview":"max-image-preview:large","max-video-preview":"max-video-preview:-1"},"canonical":"https:\/\/loja.minirig.com.br\/?product=frame-da-mini-rig-para-ate-8-gpu-sem-fan","og_locale":"pt_BR","og_type":"article","og_title":"Frame da Mini Rig - para at\u00e9 8 GPU sem Fan - Loja - Mini Rig","og_description":"Frame para Minera\u00e7\u00e3o de Criptomoedas - para at\u00e9 8 GPU (Placas de V\u00eddeo)  Caracter\u00edsticas: - Duplo apoio para as Risers - Pintura eletrost\u00e1tica - Chapa de 0,95mm - N\u00e3o acompanha as fans - Ajust\u00e1vel ao hardware - Para at\u00e9 6 fans de 120mm - Suporta at\u00e9 04 fontes  Dimens\u00f5es do Frame: - Comprimento: 795mm - Profundidade: 380mm - Altura: 370mm  Dimens\u00f5es da Embalagem: - Profundidade: 9 cm - Largura: 100 cm - Altura: 13 cm - Peso: 6 Kg  Conte\u00fado da Embalagem: - Pe\u00e7as da estrutura - Parafusos e porcas para montagem da estrutura - Parafusos para fixa\u00e7\u00e3o da placa m\u00e3e - Parafusos para fixa\u00e7\u00e3o de 8 placas de v\u00eddeo  * Produto \u00e9 enviado desmontado.","og_url":"https:\/\/loja.minirig.com.br\/?product=frame-da-mini-rig-para-ate-8-gpu-sem-fan","og_site_name":"Loja - Mini Rig","article_modified_time":"2022-05-11T12:39:37+00:00","og_image":[{"width":800,"height":800,"url":"https:\/\/loja.minirig.com.br\/wp-content\/uploads\/2021\/12\/frame01.jpg","type":"image\/jpeg"}],"twitter_card":"summary_large_image","twitter_misc":{"Est. tempo de leitura":"1 minuto"},"schema":{"@context":"https:\/\/schema.org","@graph":[{"@type":"WebPage","@id":"https:\/\/loja.minirig.com.br\/?product=frame-da-mini-rig-para-ate-8-gpu-sem-fan","url":"https:\/\/loja.minirig.com.br\/?product=frame-da-mini-rig-para-ate-8-gpu-sem-fan","name":"Frame da Mini Rig - para at\u00e9 8 GPU sem Fan - Loja - Mini Rig","isPartOf":{"@id":"https:\/\/loja.minirig.com.br\/#website"},"primaryImageOfPage":{"@id":"https:\/\/loja.minirig.com.br\/?product=frame-da-mini-rig-para-ate-8-gpu-sem-fan#primaryimage"},"image":{"@id":"https:\/\/loja.minirig.com.br\/?product=frame-da-mini-rig-para-ate-8-gpu-sem-fan#primaryimage"},"thumbnailUrl":"https:\/\/loja.minirig.com.br\/wp-content\/uploads\/2021\/12\/frame01.jpg","datePublished":"2021-12-29T20:31:03+00:00","dateModified":"2022-05-11T12:39:37+00:00","breadcrumb":{"@id":"https:\/\/loja.minirig.com.br\/?product=frame-da-mini-rig-para-ate-8-gpu-sem-fan#breadcrumb"},"inLanguage":"pt-BR","potentialAction":[{"@type":"ReadAction","target":["https:\/\/loja.minirig.com.br\/?product=frame-da-mini-rig-para-ate-8-gpu-sem-fan"]}]},{"@type":"ImageObject","inLanguage":"pt-BR","@id":"https:\/\/loja.minirig.com.br\/?product=frame-da-mini-rig-para-ate-8-gpu-sem-fan#primaryimage","url":"https:\/\/loja.minirig.com.br\/wp-content\/uploads\/2021\/12\/frame01.jpg","contentUrl":"https:\/\/loja.minirig.com.br\/wp-content\/uploads\/2021\/12\/frame01.jpg","width":800,"height":800},{"@type":"BreadcrumbList","@id":"https:\/\/loja.minirig.com.br\/?product=frame-da-mini-rig-para-ate-8-gpu-sem-fan#breadcrumb","itemListElement":[{"@type":"ListItem","position":1,"name":"In\u00edcio","item":"https:\/\/loja.minirig.com.br\/"},{"@type":"ListItem","position":2,"name":"Bem vindo ao mundo da Minera\u00e7\u00e3o de Criptomoedas !","item":"https:\/\/loja.minirig.com.br\/?page_id=17"},{"@type":"ListItem","position":3,"name":"Frame da Mini Rig &#8211; para at\u00e9 8 GPU sem Fan"}]},{"@type":"WebSite","@id":"https:\/\/loja.minirig.com.br\/#website","url":"https:\/\/loja.minirig.com.br\/","name":"Loja - Mini Rig","description":"Minera\u00e7\u00e3o de Criptomoedas","publisher":{"@id":"https:\/\/loja.minirig.com.br\/#organization"},"potentialAction":[{"@type":"SearchAction","target":{"@type":"EntryPoint","urlTemplate":"https:\/\/loja.minirig.com.br\/?s={search_term_string}"},"query-input":{"@type":"PropertyValueSpecification","valueRequired":true,"valueName":"search_term_string"}}],"inLanguage":"pt-BR"},{"@type":"Organization","@id":"https:\/\/loja.minirig.com.br\/#organization","name":"Loja - Mini Rig","url":"https:\/\/loja.minirig.com.br\/","logo":{"@type":"ImageObject","inLanguage":"pt-BR","@id":"https:\/\/loja.minirig.com.br\/#\/schema\/logo\/image\/","url":"https:\/\/loja.minirig.com.br\/wp-content\/uploads\/2021\/12\/banner-principal-scaled.jpg","contentUrl":"https:\/\/loja.minirig.com.br\/wp-content\/uploads\/2021\/12\/banner-principal-scaled.jpg","width":2560,"height":983,"caption":"Loja - Mini Rig"},"image":{"@id":"https:\/\/loja.minirig.com.br\/#\/schema\/logo\/image\/"},"sameAs":["https:\/\/www.instagram.com.br\/minirig_criptos","https:\/\/www.youtube.com\/channel\/UCVaez8vzYEv672mjm2HOWCw"]}]}},"jetpack_sharing_enabled":true,"_links":{"self":[{"href":"https:\/\/loja.minirig.com.br\/index.php?rest_route=\/wp\/v2\/product\/492","targetHints":{"allow":["GET"]}}],"collection":[{"href":"https:\/\/loja.minirig.com.br\/index.php?rest_route=\/wp\/v2\/product"}],"about":[{"href":"https:\/\/loja.minirig.com.br\/index.php?rest_route=\/wp\/v2\/types\/product"}],"replies":[{"embeddable":true,"href":"https:\/\/loja.minirig.com.br\/index.php?rest_route=%2Fwp%2Fv2%2Fcomments&post=492"}],"wp:featuredmedia":[{"embeddable":true,"href":"https:\/\/loja.minirig.com.br\/index.php?rest_route=\/wp\/v2\/media\/495"}],"wp:attachment":[{"href":"https:\/\/loja.minirig.com.br\/index.php?rest_route=%2Fwp%2Fv2%2Fmedia&parent=492"}],"wp:term":[{"taxonomy":"product_brand","embeddable":true,"href":"https:\/\/loja.minirig.com.br\/index.php?rest_route=%2Fwp%2Fv2%2Fproduct_brand&post=492"},{"taxonomy":"product_cat","embeddable":true,"href":"https:\/\/loja.minirig.com.br\/index.php?rest_route=%2Fwp%2Fv2%2Fproduct_cat&post=492"},{"taxonomy":"product_tag","embeddable":true,"href":"https:\/\/loja.minirig.com.br\/index.php?rest_route=%2Fwp%2Fv2%2Fproduct_tag&post=492"}],"curies":[{"name":"wp","href":"https:\/\/api.w.org\/{rel}","templated":true}]}}