{"id":575,"date":"2022-01-07T11:19:56","date_gmt":"2022-01-07T14:19:56","guid":{"rendered":"https:\/\/loja.minirig.com.br\/?post_type=product&#038;p=575"},"modified":"2022-02-03T15:33:28","modified_gmt":"2022-02-03T18:33:28","slug":"caneca-personalizada-mini-rig","status":"publish","type":"product","link":"https:\/\/loja.minirig.com.br\/?product=caneca-personalizada-mini-rig","title":{"rendered":"Caneca personalizada &#8211; Mini Rig"},"content":{"rendered":"","protected":false},"excerpt":{"rendered":"<p>Caneca da Mini Rig &#8211; Personalizada<\/p>\n<p>&nbsp;<\/p>\n<p>Descri\u00e7\u00e3o:<br \/>\n&#8211; Lou\u00e7a;<br \/>\n&#8211; Impress\u00e3o colorida;<br \/>\n&#8211; 325 ml;<br \/>\n&#8211; 0.300 gramas;<\/p>\n<p>&nbsp;<\/p>\n<p>*Prazo de 04 dias \u00fateis para envio.<\/p>\n","protected":false},"featured_media":576,"comment_status":"open","ping_status":"closed","template":"","meta":[],"product_brand":[],"product_cat":[16],"product_tag":[24,25,26],"class_list":{"0":"post-575","1":"product","2":"type-product","3":"status-publish","4":"has-post-thumbnail","6":"product_cat-casual","7":"product_tag-criptomoedas","8":"product_tag-mineracao-de-criptomoedas","9":"product_tag-mini-rig","11":"first","12":"instock","13":"purchasable","14":"product-type-simple"},"yoast_head":"<!-- This site is optimized with the Yoast SEO plugin v27.5 - https:\/\/yoast.com\/product\/yoast-seo-wordpress\/ -->\n<title>Caneca personalizada - Mini Rig - Loja - Mini Rig<\/title>\n<meta name=\"robots\" content=\"index, follow, max-snippet:-1, max-image-preview:large, max-video-preview:-1\" \/>\n<link rel=\"canonical\" href=\"https:\/\/loja.minirig.com.br\/?product=caneca-personalizada-mini-rig\" \/>\n<meta property=\"og:locale\" content=\"pt_BR\" \/>\n<meta property=\"og:type\" content=\"article\" \/>\n<meta property=\"og:title\" content=\"Caneca personalizada - Mini Rig - Loja - Mini Rig\" \/>\n<meta property=\"og:description\" content=\"Caneca da Mini Rig - Personalizada  &nbsp;  Descri\u00e7\u00e3o: - Lou\u00e7a; - Impress\u00e3o colorida; - 325 ml; - 0.300 gramas;  &nbsp;  *Prazo de 04 dias \u00fateis para envio.\" \/>\n<meta property=\"og:url\" content=\"https:\/\/loja.minirig.com.br\/?product=caneca-personalizada-mini-rig\" \/>\n<meta property=\"og:site_name\" content=\"Loja - Mini Rig\" \/>\n<meta property=\"article:modified_time\" content=\"2022-02-03T18:33:28+00:00\" \/>\n<meta property=\"og:image\" content=\"https:\/\/loja.minirig.com.br\/wp-content\/uploads\/2022\/01\/caneca-minirig01.jpg\" \/>\n\t<meta property=\"og:image:width\" content=\"450\" \/>\n\t<meta property=\"og:image:height\" content=\"225\" \/>\n\t<meta property=\"og:image:type\" content=\"image\/jpeg\" \/>\n<meta name=\"twitter:card\" content=\"summary_large_image\" \/>\n<script type=\"application\/ld+json\" class=\"yoast-schema-graph\">{\"@context\":\"https:\\\/\\\/schema.org\",\"@graph\":[{\"@type\":\"WebPage\",\"@id\":\"https:\\\/\\\/loja.minirig.com.br\\\/?product=caneca-personalizada-mini-rig\",\"url\":\"https:\\\/\\\/loja.minirig.com.br\\\/?product=caneca-personalizada-mini-rig\",\"name\":\"Caneca personalizada - Mini Rig - Loja - Mini Rig\",\"isPartOf\":{\"@id\":\"https:\\\/\\\/loja.minirig.com.br\\\/#website\"},\"primaryImageOfPage\":{\"@id\":\"https:\\\/\\\/loja.minirig.com.br\\\/?product=caneca-personalizada-mini-rig#primaryimage\"},\"image\":{\"@id\":\"https:\\\/\\\/loja.minirig.com.br\\\/?product=caneca-personalizada-mini-rig#primaryimage\"},\"thumbnailUrl\":\"https:\\\/\\\/loja.minirig.com.br\\\/wp-content\\\/uploads\\\/2022\\\/01\\\/caneca-minirig01.jpg\",\"datePublished\":\"2022-01-07T14:19:56+00:00\",\"dateModified\":\"2022-02-03T18:33:28+00:00\",\"breadcrumb\":{\"@id\":\"https:\\\/\\\/loja.minirig.com.br\\\/?product=caneca-personalizada-mini-rig#breadcrumb\"},\"inLanguage\":\"pt-BR\",\"potentialAction\":[{\"@type\":\"ReadAction\",\"target\":[\"https:\\\/\\\/loja.minirig.com.br\\\/?product=caneca-personalizada-mini-rig\"]}]},{\"@type\":\"ImageObject\",\"inLanguage\":\"pt-BR\",\"@id\":\"https:\\\/\\\/loja.minirig.com.br\\\/?product=caneca-personalizada-mini-rig#primaryimage\",\"url\":\"https:\\\/\\\/loja.minirig.com.br\\\/wp-content\\\/uploads\\\/2022\\\/01\\\/caneca-minirig01.jpg\",\"contentUrl\":\"https:\\\/\\\/loja.minirig.com.br\\\/wp-content\\\/uploads\\\/2022\\\/01\\\/caneca-minirig01.jpg\",\"width\":450,\"height\":225},{\"@type\":\"BreadcrumbList\",\"@id\":\"https:\\\/\\\/loja.minirig.com.br\\\/?product=caneca-personalizada-mini-rig#breadcrumb\",\"itemListElement\":[{\"@type\":\"ListItem\",\"position\":1,\"name\":\"In\u00edcio\",\"item\":\"https:\\\/\\\/loja.minirig.com.br\\\/\"},{\"@type\":\"ListItem\",\"position\":2,\"name\":\"Bem vindo ao mundo da Minera\u00e7\u00e3o de Criptomoedas !\",\"item\":\"https:\\\/\\\/loja.minirig.com.br\\\/?page_id=17\"},{\"@type\":\"ListItem\",\"position\":3,\"name\":\"Caneca personalizada &#8211; Mini Rig\"}]},{\"@type\":\"WebSite\",\"@id\":\"https:\\\/\\\/loja.minirig.com.br\\\/#website\",\"url\":\"https:\\\/\\\/loja.minirig.com.br\\\/\",\"name\":\"Loja - Mini Rig\",\"description\":\"Minera\u00e7\u00e3o de Criptomoedas\",\"publisher\":{\"@id\":\"https:\\\/\\\/loja.minirig.com.br\\\/#organization\"},\"potentialAction\":[{\"@type\":\"SearchAction\",\"target\":{\"@type\":\"EntryPoint\",\"urlTemplate\":\"https:\\\/\\\/loja.minirig.com.br\\\/?s={search_term_string}\"},\"query-input\":{\"@type\":\"PropertyValueSpecification\",\"valueRequired\":true,\"valueName\":\"search_term_string\"}}],\"inLanguage\":\"pt-BR\"},{\"@type\":\"Organization\",\"@id\":\"https:\\\/\\\/loja.minirig.com.br\\\/#organization\",\"name\":\"Loja - Mini Rig\",\"url\":\"https:\\\/\\\/loja.minirig.com.br\\\/\",\"logo\":{\"@type\":\"ImageObject\",\"inLanguage\":\"pt-BR\",\"@id\":\"https:\\\/\\\/loja.minirig.com.br\\\/#\\\/schema\\\/logo\\\/image\\\/\",\"url\":\"https:\\\/\\\/loja.minirig.com.br\\\/wp-content\\\/uploads\\\/2021\\\/12\\\/banner-principal-scaled.jpg\",\"contentUrl\":\"https:\\\/\\\/loja.minirig.com.br\\\/wp-content\\\/uploads\\\/2021\\\/12\\\/banner-principal-scaled.jpg\",\"width\":2560,\"height\":983,\"caption\":\"Loja - Mini Rig\"},\"image\":{\"@id\":\"https:\\\/\\\/loja.minirig.com.br\\\/#\\\/schema\\\/logo\\\/image\\\/\"},\"sameAs\":[\"https:\\\/\\\/www.instagram.com.br\\\/minirig_criptos\",\"https:\\\/\\\/www.youtube.com\\\/channel\\\/UCVaez8vzYEv672mjm2HOWCw\"]}]}<\/script>\n<!-- \/ Yoast SEO plugin. -->","yoast_head_json":{"title":"Caneca personalizada - Mini Rig - Loja - Mini Rig","robots":{"index":"index","follow":"follow","max-snippet":"max-snippet:-1","max-image-preview":"max-image-preview:large","max-video-preview":"max-video-preview:-1"},"canonical":"https:\/\/loja.minirig.com.br\/?product=caneca-personalizada-mini-rig","og_locale":"pt_BR","og_type":"article","og_title":"Caneca personalizada - Mini Rig - Loja - Mini Rig","og_description":"Caneca da Mini Rig - Personalizada  &nbsp;  Descri\u00e7\u00e3o: - Lou\u00e7a; - Impress\u00e3o colorida; - 325 ml; - 0.300 gramas;  &nbsp;  *Prazo de 04 dias \u00fateis para envio.","og_url":"https:\/\/loja.minirig.com.br\/?product=caneca-personalizada-mini-rig","og_site_name":"Loja - Mini Rig","article_modified_time":"2022-02-03T18:33:28+00:00","og_image":[{"width":450,"height":225,"url":"https:\/\/loja.minirig.com.br\/wp-content\/uploads\/2022\/01\/caneca-minirig01.jpg","type":"image\/jpeg"}],"twitter_card":"summary_large_image","schema":{"@context":"https:\/\/schema.org","@graph":[{"@type":"WebPage","@id":"https:\/\/loja.minirig.com.br\/?product=caneca-personalizada-mini-rig","url":"https:\/\/loja.minirig.com.br\/?product=caneca-personalizada-mini-rig","name":"Caneca personalizada - Mini Rig - Loja - Mini Rig","isPartOf":{"@id":"https:\/\/loja.minirig.com.br\/#website"},"primaryImageOfPage":{"@id":"https:\/\/loja.minirig.com.br\/?product=caneca-personalizada-mini-rig#primaryimage"},"image":{"@id":"https:\/\/loja.minirig.com.br\/?product=caneca-personalizada-mini-rig#primaryimage"},"thumbnailUrl":"https:\/\/loja.minirig.com.br\/wp-content\/uploads\/2022\/01\/caneca-minirig01.jpg","datePublished":"2022-01-07T14:19:56+00:00","dateModified":"2022-02-03T18:33:28+00:00","breadcrumb":{"@id":"https:\/\/loja.minirig.com.br\/?product=caneca-personalizada-mini-rig#breadcrumb"},"inLanguage":"pt-BR","potentialAction":[{"@type":"ReadAction","target":["https:\/\/loja.minirig.com.br\/?product=caneca-personalizada-mini-rig"]}]},{"@type":"ImageObject","inLanguage":"pt-BR","@id":"https:\/\/loja.minirig.com.br\/?product=caneca-personalizada-mini-rig#primaryimage","url":"https:\/\/loja.minirig.com.br\/wp-content\/uploads\/2022\/01\/caneca-minirig01.jpg","contentUrl":"https:\/\/loja.minirig.com.br\/wp-content\/uploads\/2022\/01\/caneca-minirig01.jpg","width":450,"height":225},{"@type":"BreadcrumbList","@id":"https:\/\/loja.minirig.com.br\/?product=caneca-personalizada-mini-rig#breadcrumb","itemListElement":[{"@type":"ListItem","position":1,"name":"In\u00edcio","item":"https:\/\/loja.minirig.com.br\/"},{"@type":"ListItem","position":2,"name":"Bem vindo ao mundo da Minera\u00e7\u00e3o de Criptomoedas !","item":"https:\/\/loja.minirig.com.br\/?page_id=17"},{"@type":"ListItem","position":3,"name":"Caneca personalizada &#8211; Mini Rig"}]},{"@type":"WebSite","@id":"https:\/\/loja.minirig.com.br\/#website","url":"https:\/\/loja.minirig.com.br\/","name":"Loja - Mini Rig","description":"Minera\u00e7\u00e3o de Criptomoedas","publisher":{"@id":"https:\/\/loja.minirig.com.br\/#organization"},"potentialAction":[{"@type":"SearchAction","target":{"@type":"EntryPoint","urlTemplate":"https:\/\/loja.minirig.com.br\/?s={search_term_string}"},"query-input":{"@type":"PropertyValueSpecification","valueRequired":true,"valueName":"search_term_string"}}],"inLanguage":"pt-BR"},{"@type":"Organization","@id":"https:\/\/loja.minirig.com.br\/#organization","name":"Loja - Mini Rig","url":"https:\/\/loja.minirig.com.br\/","logo":{"@type":"ImageObject","inLanguage":"pt-BR","@id":"https:\/\/loja.minirig.com.br\/#\/schema\/logo\/image\/","url":"https:\/\/loja.minirig.com.br\/wp-content\/uploads\/2021\/12\/banner-principal-scaled.jpg","contentUrl":"https:\/\/loja.minirig.com.br\/wp-content\/uploads\/2021\/12\/banner-principal-scaled.jpg","width":2560,"height":983,"caption":"Loja - Mini Rig"},"image":{"@id":"https:\/\/loja.minirig.com.br\/#\/schema\/logo\/image\/"},"sameAs":["https:\/\/www.instagram.com.br\/minirig_criptos","https:\/\/www.youtube.com\/channel\/UCVaez8vzYEv672mjm2HOWCw"]}]}},"jetpack_sharing_enabled":true,"_links":{"self":[{"href":"https:\/\/loja.minirig.com.br\/index.php?rest_route=\/wp\/v2\/product\/575","targetHints":{"allow":["GET"]}}],"collection":[{"href":"https:\/\/loja.minirig.com.br\/index.php?rest_route=\/wp\/v2\/product"}],"about":[{"href":"https:\/\/loja.minirig.com.br\/index.php?rest_route=\/wp\/v2\/types\/product"}],"replies":[{"embeddable":true,"href":"https:\/\/loja.minirig.com.br\/index.php?rest_route=%2Fwp%2Fv2%2Fcomments&post=575"}],"wp:featuredmedia":[{"embeddable":true,"href":"https:\/\/loja.minirig.com.br\/index.php?rest_route=\/wp\/v2\/media\/576"}],"wp:attachment":[{"href":"https:\/\/loja.minirig.com.br\/index.php?rest_route=%2Fwp%2Fv2%2Fmedia&parent=575"}],"wp:term":[{"taxonomy":"product_brand","embeddable":true,"href":"https:\/\/loja.minirig.com.br\/index.php?rest_route=%2Fwp%2Fv2%2Fproduct_brand&post=575"},{"taxonomy":"product_cat","embeddable":true,"href":"https:\/\/loja.minirig.com.br\/index.php?rest_route=%2Fwp%2Fv2%2Fproduct_cat&post=575"},{"taxonomy":"product_tag","embeddable":true,"href":"https:\/\/loja.minirig.com.br\/index.php?rest_route=%2Fwp%2Fv2%2Fproduct_tag&post=575"}],"curies":[{"name":"wp","href":"https:\/\/api.w.org\/{rel}","templated":true}]}}